{"id":843,"date":"2021-02-23T13:57:34","date_gmt":"2021-02-23T13:57:34","guid":{"rendered":"https:\/\/plpnew.wplistingthemes.com\/?page_id=843"},"modified":"2023-05-21T14:00:10","modified_gmt":"2023-05-21T14:00:10","slug":"sobre-nos","status":"publish","type":"page","link":"https:\/\/sites.vbdigital.com.br\/ba7imoveis\/sobre-nos\/","title":{"rendered":"Sobre N\u00f3s"},"content":{"rendered":"\t\t<div data-elementor-type=\"wp-page\" data-elementor-id=\"843\" class=\"elementor elementor-843\">\n\t\t\t\t\t\t\t\t\t<section class=\"elementor-section elementor-top-section elementor-element elementor-element-28956715 elementor-section-full_width elementor-section-stretched elementor-section-height-default elementor-section-height-default\" data-id=\"28956715\" data-element_type=\"section\" data-settings=\"{&quot;stretch_section&quot;:&quot;section-stretched&quot;,&quot;background_background&quot;:&quot;classic&quot;}\">\n\t\t\t\t\t\t\t<div class=\"elementor-background-overlay\"><\/div>\n\t\t\t\t\t\t\t<div class=\"elementor-container elementor-column-gap-default\">\n\t\t\t\t\t<div class=\"elementor-column elementor-col-100 elementor-top-column elementor-element elementor-element-7b280b28\" data-id=\"7b280b28\" data-element_type=\"column\">\n\t\t\t<div class=\"elementor-widget-wrap elementor-element-populated\">\n\t\t\t\t\t\t\t\t<section class=\"elementor-section elementor-inner-section elementor-element elementor-element-6933e8b5 elementor-section-boxed elementor-section-height-default elementor-section-height-default\" data-id=\"6933e8b5\" data-element_type=\"section\">\n\t\t\t\t\t\t<div class=\"elementor-container elementor-column-gap-default\">\n\t\t\t\t\t<div class=\"elementor-column elementor-col-100 elementor-inner-column elementor-element elementor-element-c24fa21\" data-id=\"c24fa21\" data-element_type=\"column\">\n\t\t\t<div class=\"elementor-widget-wrap elementor-element-populated\">\n\t\t\t\t\t\t\t\t<div class=\"elementor-element elementor-element-4625fd7a elementor-widget elementor-widget-heading\" data-id=\"4625fd7a\" data-element_type=\"widget\" data-widget_type=\"heading.default\">\n\t\t\t\t<div class=\"elementor-widget-container\">\n\t\t\t<style>\/*! elementor - v3.13.2 - 11-05-2023 *\/\n.elementor-heading-title{padding:0;margin:0;line-height:1}.elementor-widget-heading .elementor-heading-title[class*=elementor-size-]>a{color:inherit;font-size:inherit;line-height:inherit}.elementor-widget-heading .elementor-heading-title.elementor-size-small{font-size:15px}.elementor-widget-heading .elementor-heading-title.elementor-size-medium{font-size:19px}.elementor-widget-heading .elementor-heading-title.elementor-size-large{font-size:29px}.elementor-widget-heading .elementor-heading-title.elementor-size-xl{font-size:39px}.elementor-widget-heading .elementor-heading-title.elementor-size-xxl{font-size:59px}<\/style><h1 class=\"elementor-heading-title elementor-size-default\">Sobre N\u00f3s<\/h1>\t\t<\/div>\n\t\t\t\t<\/div>\n\t\t\t\t\t<\/div>\n\t\t<\/div>\n\t\t\t\t\t\t\t<\/div>\n\t\t<\/section>\n\t\t\t\t\t<\/div>\n\t\t<\/div>\n\t\t\t\t\t\t\t<\/div>\n\t\t<\/section>\n\t\t\t\t<section class=\"elementor-section elementor-top-section elementor-element elementor-element-59a9b002 elementor-section-stretched sl-parallax elementor-section-boxed elementor-section-height-default elementor-section-height-default\" data-id=\"59a9b002\" data-element_type=\"section\" data-settings=\"{&quot;stretch_section&quot;:&quot;section-stretched&quot;,&quot;background_background&quot;:&quot;classic&quot;}\">\n\t\t\t\t\t\t\t<div class=\"elementor-background-overlay\"><\/div>\n\t\t\t\t\t\t\t<div class=\"elementor-container elementor-column-gap-default\">\n\t\t\t\t\t<div class=\"elementor-column elementor-col-100 elementor-top-column elementor-element elementor-element-68759de2\" data-id=\"68759de2\" data-element_type=\"column\">\n\t\t\t<div class=\"elementor-widget-wrap elementor-element-populated\">\n\t\t\t\t\t\t\t\t<section class=\"elementor-section elementor-inner-section elementor-element elementor-element-3f5b3e53 elementor-section-content-middle elementor-section-boxed elementor-section-height-default elementor-section-height-default\" data-id=\"3f5b3e53\" data-element_type=\"section\">\n\t\t\t\t\t\t<div class=\"elementor-container elementor-column-gap-default\">\n\t\t\t\t\t<div class=\"elementor-column elementor-col-50 elementor-inner-column elementor-element elementor-element-471492e8\" data-id=\"471492e8\" data-element_type=\"column\">\n\t\t\t<div class=\"elementor-widget-wrap elementor-element-populated\">\n\t\t\t\t\t\t\t\t<div class=\"elementor-element elementor-element-5fb4b3b elementor-widget elementor-widget-heading\" data-id=\"5fb4b3b\" data-element_type=\"widget\" data-widget_type=\"heading.default\">\n\t\t\t\t<div class=\"elementor-widget-container\">\n\t\t\t<h2 class=\"elementor-heading-title elementor-size-default\">Seja bem vindo \u00e0 <br>BA7 Im\u00f3veis<\/h2>\t\t<\/div>\n\t\t\t\t<\/div>\n\t\t\t\t<div class=\"elementor-element elementor-element-50df1e32 elementor-widget elementor-widget-text-editor\" data-id=\"50df1e32\" data-element_type=\"widget\" data-widget_type=\"text-editor.default\">\n\t\t\t\t<div class=\"elementor-widget-container\">\n\t\t\t<style>\/*! elementor - v3.13.2 - 11-05-2023 *\/\n.elementor-widget-text-editor.elementor-drop-cap-view-stacked .elementor-drop-cap{background-color:#69727d;color:#fff}.elementor-widget-text-editor.elementor-drop-cap-view-framed .elementor-drop-cap{color:#69727d;border:3px solid;background-color:transparent}.elementor-widget-text-editor:not(.elementor-drop-cap-view-default) .elementor-drop-cap{margin-top:8px}.elementor-widget-text-editor:not(.elementor-drop-cap-view-default) .elementor-drop-cap-letter{width:1em;height:1em}.elementor-widget-text-editor .elementor-drop-cap{float:left;text-align:center;line-height:1;font-size:50px}.elementor-widget-text-editor .elementor-drop-cap-letter{display:inline-block}<\/style>\t\t\t\t<p>Oferecemos servi\u00e7os completos de loca\u00e7\u00e3o e venda de im\u00f3veis. Com uma equipe dedicada e experiente, estamos prontos para ajudar nossos clientes a encontrar a casa dos seus sonhos ou vender a propriedade existente de forma r\u00e1pida e eficiente<\/p>\t\t\t\t\t\t<\/div>\n\t\t\t\t<\/div>\n\t\t\t\t<div class=\"elementor-element elementor-element-8268332 elementor-widget elementor-widget-text-editor\" data-id=\"8268332\" data-element_type=\"widget\" data-widget_type=\"text-editor.default\">\n\t\t\t\t<div class=\"elementor-widget-container\">\n\t\t\t\t\t\t\t<p>Se voc\u00ea est\u00e1 interessado em vender um im\u00f3vel, oferecemos servi\u00e7os abrangentes de marketing e divulga\u00e7\u00e3o. Utilizamos diversas estrat\u00e9gias para garantir uma ampla exposi\u00e7\u00e3o do seu im\u00f3vel no mercado.\u00a0<\/p>\t\t\t\t\t\t<\/div>\n\t\t\t\t<\/div>\n\t\t\t\t<div class=\"elementor-element elementor-element-9aae75a elementor-widget elementor-widget-text-editor\" data-id=\"9aae75a\" data-element_type=\"widget\" data-widget_type=\"text-editor.default\">\n\t\t\t\t<div class=\"elementor-widget-container\">\n\t\t\t\t\t\t\t<p>Estamos comprometidos em oferecer um servi\u00e7o excepcional e garantir a satisfa\u00e7\u00e3o total dos nossos clientes. Entre em contato conosco hoje mesmo e deixe-nos ajud\u00e1-lo a realizar seus objetivos imobili\u00e1rios.<\/p>\t\t\t\t\t\t<\/div>\n\t\t\t\t<\/div>\n\t\t\t\t<div class=\"elementor-element elementor-element-57616f8b elementor-mobile-align-center elementor-invisible elementor-widget elementor-widget-button\" data-id=\"57616f8b\" data-element_type=\"widget\" data-settings=\"{&quot;_animation&quot;:&quot;fadeInUp&quot;}\" data-widget_type=\"button.default\">\n\t\t\t\t<div class=\"elementor-widget-container\">\n\t\t\t\t\t<div class=\"elementor-button-wrapper\">\n\t\t\t<a href=\"https:\/\/luxus.wplistingthemes.com\/contact-us-1\/\" class=\"elementor-button-link elementor-button elementor-size-sm\" role=\"button\">\n\t\t\t\t\t\t<span class=\"elementor-button-content-wrapper\">\n\t\t\t\t\t\t\t<span class=\"elementor-button-icon elementor-align-icon-left\">\n\t\t\t\t<i aria-hidden=\"true\" class=\"fab fa-whatsapp\"><\/i>\t\t\t<\/span>\n\t\t\t\t\t\t<span class=\"elementor-button-text\">Fale pelo Whatsapp<\/span>\n\t\t<\/span>\n\t\t\t\t\t<\/a>\n\t\t<\/div>\n\t\t\t\t<\/div>\n\t\t\t\t<\/div>\n\t\t\t\t\t<\/div>\n\t\t<\/div>\n\t\t\t\t<div class=\"elementor-column elementor-col-50 elementor-inner-column elementor-element elementor-element-20d16190\" data-id=\"20d16190\" data-element_type=\"column\">\n\t\t\t<div class=\"elementor-widget-wrap elementor-element-populated\">\n\t\t\t\t\t\t\t\t<div class=\"elementor-element elementor-element-2ae57e2b elementor-widget elementor-widget-luxus-info-box\" data-id=\"2ae57e2b\" data-element_type=\"widget\" data-widget_type=\"luxus-info-box.default\">\n\t\t\t\t<div class=\"elementor-widget-container\">\n\t\t\t\t\t\t<div class=\"sl-info-box-container\">\n\t\t\t\n<div class=\"sl-info-box info-box-one\"> \n        \n        <div class=\"icon\">\n\n            <i aria-hidden=\"true\" class=\"sl-icons sl-contract-t\"><\/i>\n        <\/div>\n    \n    <div class=\"content\">\n        <h2 class=\"title\">Miss\u00e3o<\/h2>\n        <p class=\"text\">Fornecer servi\u00e7os de qualidade no setor imobili\u00e1rio, auxiliando nossos clientes a encontrar o lar ideal ou vender suas propriedades com efici\u00eancia. Buscamos oferecer um atendimento personalizado, confi\u00e1vel e transparente.<\/p>\n           \n    <\/div>\n<\/div>\t\t\t<\/div>\n    \t\t\t<\/div>\n\t\t\t\t<\/div>\n\t\t\t\t<div class=\"elementor-element elementor-element-3d1dcb12 elementor-widget elementor-widget-luxus-info-box\" data-id=\"3d1dcb12\" data-element_type=\"widget\" data-widget_type=\"luxus-info-box.default\">\n\t\t\t\t<div class=\"elementor-widget-container\">\n\t\t\t\t\t\t<div class=\"sl-info-box-container\">\n\t\t\t\n<div class=\"sl-info-box info-box-one\"> \n        \n        <div class=\"icon\">\n\n            <i aria-hidden=\"true\" class=\"sl-icons sl-secure-shield\"><\/i>\n        <\/div>\n    \n    <div class=\"content\">\n        <h2 class=\"title\">Vis\u00e3o<\/h2>\n        <p class=\"text\">Ser reconhecida como refer\u00eancia no mercado, pela excel\u00eancia em servi\u00e7os e pela capacidade de atender \u00e0s necessidades individuais de cada cliente. \nAprimoramos constantemente nossos processos, tecnologias e conhecimentos<\/p>\n           \n    <\/div>\n<\/div>\t\t\t<\/div>\n    \t\t\t<\/div>\n\t\t\t\t<\/div>\n\t\t\t\t<div class=\"elementor-element elementor-element-7b655f6 elementor-widget elementor-widget-luxus-info-box\" data-id=\"7b655f6\" data-element_type=\"widget\" data-widget_type=\"luxus-info-box.default\">\n\t\t\t\t<div class=\"elementor-widget-container\">\n\t\t\t\t\t\t<div class=\"sl-info-box-container\">\n\t\t\t\n<div class=\"sl-info-box info-box-one\"> \n        \n        <div class=\"icon\">\n\n            <i aria-hidden=\"true\" class=\"sl-icons sl-house-care\"><\/i>\n        <\/div>\n    \n    <div class=\"content\">\n        <h2 class=\"title\">Valores<\/h2>\n        <p class=\"text\">Atuamos com honestidade e transpar\u00eancia em todas as nossas intera\u00e7\u00f5es, sempre priorizando o compromisso com o cliente\nMantemos altos padr\u00f5es de qualidade e conduta em todas as etapas do processo.<\/p>\n           \n    <\/div>\n<\/div>\t\t\t<\/div>\n    \t\t\t<\/div>\n\t\t\t\t<\/div>\n\t\t\t\t\t<\/div>\n\t\t<\/div>\n\t\t\t\t\t\t\t<\/div>\n\t\t<\/section>\n\t\t\t\t\t<\/div>\n\t\t<\/div>\n\t\t\t\t\t\t\t<\/div>\n\t\t<\/section>\n\t\t\t\t\t\t\t<\/div>\n\t\t","protected":false},"excerpt":{"rendered":"<p>Sobre N\u00f3s Seja bem vindo \u00e0 BA7 Im\u00f3veis Oferecemos servi\u00e7os completos de loca\u00e7\u00e3o e venda de im\u00f3veis. Com uma equipe dedicada e experiente, estamos prontos para ajudar nossos clientes a encontrar a casa dos seus sonhos ou vender a propriedade existente de forma r\u00e1pida e eficiente Se voc\u00ea est\u00e1 interessado em vender um im\u00f3vel, oferecemos [&hellip;]<\/p>\n","protected":false},"author":1,"featured_media":0,"parent":0,"menu_order":0,"comment_status":"closed","ping_status":"closed","template":"","meta":{"footnotes":""},"class_list":["post-843","page","type-page","status-publish","hentry"],"_links":{"self":[{"href":"https:\/\/sites.vbdigital.com.br\/ba7imoveis\/wp-json\/wp\/v2\/pages\/843","targetHints":{"allow":["GET"]}}],"collection":[{"href":"https:\/\/sites.vbdigital.com.br\/ba7imoveis\/wp-json\/wp\/v2\/pages"}],"about":[{"href":"https:\/\/sites.vbdigital.com.br\/ba7imoveis\/wp-json\/wp\/v2\/types\/page"}],"author":[{"embeddable":true,"href":"https:\/\/sites.vbdigital.com.br\/ba7imoveis\/wp-json\/wp\/v2\/users\/1"}],"replies":[{"embeddable":true,"href":"https:\/\/sites.vbdigital.com.br\/ba7imoveis\/wp-json\/wp\/v2\/comments?post=843"}],"version-history":[{"count":29,"href":"https:\/\/sites.vbdigital.com.br\/ba7imoveis\/wp-json\/wp\/v2\/pages\/843\/revisions"}],"predecessor-version":[{"id":15967,"href":"https:\/\/sites.vbdigital.com.br\/ba7imoveis\/wp-json\/wp\/v2\/pages\/843\/revisions\/15967"}],"wp:attachment":[{"href":"https:\/\/sites.vbdigital.com.br\/ba7imoveis\/wp-json\/wp\/v2\/media?parent=843"}],"curies":[{"name":"wp","href":"https:\/\/api.w.org\/{rel}","templated":true}]}}