{"id":59,"date":"2025-07-16T22:57:47","date_gmt":"2025-07-16T22:57:47","guid":{"rendered":"https:\/\/sites.vbdigital.com.br\/instituto\/?page_id=59"},"modified":"2025-08-26T16:11:03","modified_gmt":"2025-08-26T16:11:03","slug":"sobre","status":"publish","type":"page","link":"https:\/\/sites.vbdigital.com.br\/instituto\/sobre\/","title":{"rendered":"Sobre"},"content":{"rendered":"\t\t<div data-elementor-type=\"wp-page\" data-elementor-id=\"59\" class=\"elementor elementor-59\" data-elementor-post-type=\"page\">\n\t\t\t\t<div class=\"elementor-element elementor-element-6b31566c e-con-full e-flex e-con e-parent\" data-id=\"6b31566c\" data-element_type=\"container\" data-settings=\"{&quot;background_background&quot;:&quot;classic&quot;}\">\n\t\t<div class=\"elementor-element elementor-element-4fe15985 e-con-full e-flex e-con e-child\" data-id=\"4fe15985\" data-element_type=\"container\" data-settings=\"{&quot;background_background&quot;:&quot;classic&quot;}\">\n\t\t<div class=\"elementor-element elementor-element-73659eab e-con-full animated-slow e-flex elementor-invisible e-con e-child\" data-id=\"73659eab\" data-element_type=\"container\" data-settings=\"{&quot;animation&quot;:&quot;fadeInLeft&quot;}\">\n\t\t\t\t<div class=\"elementor-element elementor-element-47fd2562 elementor-widget-tablet__width-initial elementor-widget elementor-widget-heading\" data-id=\"47fd2562\" data-element_type=\"widget\" data-widget_type=\"heading.default\">\n\t\t\t\t\t<h1 class=\"elementor-heading-title elementor-size-default\">Sobre N\u00f3s<\/h1>\t\t\t\t<\/div>\n\t\t\t\t<\/div>\n\t\t\t\t<\/div>\n\t\t\t\t<\/div>\n\t\t<div class=\"elementor-element elementor-element-1cc30650 e-flex e-con-boxed e-con e-parent\" data-id=\"1cc30650\" data-element_type=\"container\" data-settings=\"{&quot;background_background&quot;:&quot;classic&quot;}\">\n\t\t\t\t\t<div class=\"e-con-inner\">\n\t\t<div class=\"elementor-element elementor-element-4b9e005b e-con-full e-flex e-con e-child\" data-id=\"4b9e005b\" data-element_type=\"container\">\n\t\t\t\t<div class=\"elementor-element elementor-element-a44ad93 elementor-widget elementor-widget-heading\" data-id=\"a44ad93\" data-element_type=\"widget\" data-widget_type=\"heading.default\">\n\t\t\t\t\t<h2 class=\"elementor-heading-title elementor-size-default\">Nosso foco \u00e9 a sua coluna<\/h2>\t\t\t\t<\/div>\n\t\t\t\t<div class=\"elementor-element elementor-element-16286710 elementor-widget__width-initial elementor-widget elementor-widget-text-editor\" data-id=\"16286710\" data-element_type=\"widget\" data-widget_type=\"text-editor.default\">\n\t\t\t\t\t\t\t\t\t<p>O Instituto da Coluna de S\u00e3o Jos\u00e9 dos Campos nasceu da uni\u00e3o entre o fisioterapeuta Bruno Prianti e o m\u00e9dico ortopedista Luiz Eduardo Ribeiro, com um prop\u00f3sito claro: oferecer um cuidado integral, coordenado e verdadeiramente especializado para quem convive com dores e disfun\u00e7\u00f5es da coluna vertebral. Mais do que um local de atendimento, criamos um espa\u00e7o onde diferentes saberes se encontram para transformar vidas.<\/p><p>Aqui, acreditamos que o melhor resultado acontece quando fisioterapia e medicina caminham juntas, desde o diagn\u00f3stico at\u00e9 o tratamento final. Nossa abordagem \u00e9 baseada na interespecialidade \u2014 um modelo em que profissional m\u00e9dico e fisioterapeuta atuam lado a lado, discutem casos em conjunto e acompanham cada etapa do processo de forma alinhada. Isso permite decis\u00f5es mais precisas, reabilita\u00e7\u00f5es mais eficientes e, principalmente, mais qualidade de vida para nossos pacientes.<\/p><p>Seja em casos mais simples ou em condi\u00e7\u00f5es complexas, nosso compromisso \u00e9 o mesmo: escutar com aten\u00e7\u00e3o, tratar com responsabilidade e oferecer caminhos reais e baseados nas melhores evid\u00eancias cient\u00edficas para o al\u00edvio da dor e recupera\u00e7\u00e3o da funcionalidade. No Instituto da Coluna, voc\u00ea ser\u00e1 cuidado por especialistas que enxergam voc\u00ea por inteiro \u2014 e que acreditam que ningu\u00e9m trata coluna sozinho.<\/p>\t\t\t\t\t\t\t\t<\/div>\n\t\t\t\t<\/div>\n\t\t<div class=\"elementor-element elementor-element-6898a5fe e-con-full e-flex e-con e-child\" data-id=\"6898a5fe\" data-element_type=\"container\" data-settings=\"{&quot;background_background&quot;:&quot;classic&quot;}\">\n\t\t<div class=\"elementor-element elementor-element-f123f7d e-con-full animated-slow e-flex elementor-invisible e-con e-child\" data-id=\"f123f7d\" data-element_type=\"container\" data-settings=\"{&quot;background_background&quot;:&quot;classic&quot;,&quot;animation&quot;:&quot;fadeInLeft&quot;}\">\n\t\t\t\t<\/div>\n\t\t<div class=\"elementor-element elementor-element-2ebbaf01 e-con-full animated-slow e-flex elementor-invisible e-con e-child\" data-id=\"2ebbaf01\" data-element_type=\"container\" data-settings=\"{&quot;background_background&quot;:&quot;classic&quot;,&quot;animation&quot;:&quot;fadeInUp&quot;}\">\n\t\t\t\t<\/div>\n\t\t\t\t<\/div>\n\t\t\t\t\t<\/div>\n\t\t\t\t<\/div>\n\t\t\t\t<\/div>\n\t\t","protected":false},"excerpt":{"rendered":"<p>Sobre N\u00f3s Nosso foco \u00e9 a sua coluna O Instituto da Coluna de S\u00e3o Jos\u00e9 dos Campos nasceu da uni\u00e3o entre o fisioterapeuta Bruno Prianti e o m\u00e9dico ortopedista Luiz Eduardo Ribeiro, com um prop\u00f3sito claro: oferecer um cuidado integral, coordenado e verdadeiramente especializado para quem convive com dores e disfun\u00e7\u00f5es da coluna vertebral. Mais [&hellip;]<\/p>\n","protected":false},"author":1,"featured_media":0,"parent":0,"menu_order":0,"comment_status":"closed","ping_status":"closed","template":"","meta":{"footnotes":""},"class_list":["post-59","page","type-page","status-publish","hentry"],"_links":{"self":[{"href":"https:\/\/sites.vbdigital.com.br\/instituto\/wp-json\/wp\/v2\/pages\/59","targetHints":{"allow":["GET"]}}],"collection":[{"href":"https:\/\/sites.vbdigital.com.br\/instituto\/wp-json\/wp\/v2\/pages"}],"about":[{"href":"https:\/\/sites.vbdigital.com.br\/instituto\/wp-json\/wp\/v2\/types\/page"}],"author":[{"embeddable":true,"href":"https:\/\/sites.vbdigital.com.br\/instituto\/wp-json\/wp\/v2\/users\/1"}],"replies":[{"embeddable":true,"href":"https:\/\/sites.vbdigital.com.br\/instituto\/wp-json\/wp\/v2\/comments?post=59"}],"version-history":[{"count":55,"href":"https:\/\/sites.vbdigital.com.br\/instituto\/wp-json\/wp\/v2\/pages\/59\/revisions"}],"predecessor-version":[{"id":456,"href":"https:\/\/sites.vbdigital.com.br\/instituto\/wp-json\/wp\/v2\/pages\/59\/revisions\/456"}],"wp:attachment":[{"href":"https:\/\/sites.vbdigital.com.br\/instituto\/wp-json\/wp\/v2\/media?parent=59"}],"curies":[{"name":"wp","href":"https:\/\/api.w.org\/{rel}","templated":true}]}}