{"id":61,"date":"2025-07-16T22:58:14","date_gmt":"2025-07-16T22:58:14","guid":{"rendered":"https:\/\/sites.vbdigital.com.br\/instituto\/?page_id=61"},"modified":"2025-08-28T00:22:14","modified_gmt":"2025-08-28T00:22:14","slug":"servicos","status":"publish","type":"page","link":"https:\/\/sites.vbdigital.com.br\/instituto\/servicos\/","title":{"rendered":"Servi\u00e7os"},"content":{"rendered":"\t\t<div data-elementor-type=\"wp-page\" data-elementor-id=\"61\" class=\"elementor elementor-61\" data-elementor-post-type=\"page\">\n\t\t\t\t<div class=\"elementor-element elementor-element-7d85da59 e-con-full e-flex e-con e-parent\" data-id=\"7d85da59\" data-element_type=\"container\" data-settings=\"{&quot;background_background&quot;:&quot;classic&quot;}\">\n\t\t<div class=\"elementor-element elementor-element-366081f1 e-flex e-con-boxed e-con e-child\" data-id=\"366081f1\" data-element_type=\"container\">\n\t\t\t\t\t<div class=\"e-con-inner\">\n\t\t\t\t<div class=\"elementor-element elementor-element-23ded87 elementor-widget-tablet__width-initial elementor-widget elementor-widget-heading\" data-id=\"23ded87\" data-element_type=\"widget\" data-widget_type=\"heading.default\">\n\t\t\t\t\t<h1 class=\"elementor-heading-title elementor-size-default\">Servi\u00e7os<\/h1>\t\t\t\t<\/div>\n\t\t\t\t\t<\/div>\n\t\t\t\t<\/div>\n\t\t\t\t<\/div>\n\t\t<div class=\"elementor-element elementor-element-389bc448 e-flex e-con-boxed e-con e-parent\" data-id=\"389bc448\" data-element_type=\"container\" data-settings=\"{&quot;background_background&quot;:&quot;classic&quot;}\">\n\t\t\t\t\t<div class=\"e-con-inner\">\n\t\t<div class=\"elementor-element elementor-element-7e3de3e0 e-con-full e-flex e-con e-child\" data-id=\"7e3de3e0\" data-element_type=\"container\">\n\t\t<div class=\"elementor-element elementor-element-50839fb2 e-con-full e-flex e-con e-child\" data-id=\"50839fb2\" data-element_type=\"container\">\n\t\t\t\t<div class=\"elementor-element elementor-element-6f46267a elementor-widget elementor-widget-heading\" data-id=\"6f46267a\" data-element_type=\"widget\" data-widget_type=\"heading.default\">\n\t\t\t\t\t<h2 class=\"elementor-heading-title elementor-size-default\">COMO FUNCIONA<\/h2>\t\t\t\t<\/div>\n\t\t\t\t<div class=\"elementor-element elementor-element-7f3c53b3 elementor-widget elementor-widget-heading\" data-id=\"7f3c53b3\" data-element_type=\"widget\" data-widget_type=\"heading.default\">\n\t\t\t\t\t<h2 class=\"elementor-heading-title elementor-size-default\">NOSSO ATENDIMENTO<\/h2>\t\t\t\t<\/div>\n\t\t\t\t<\/div>\n\t\t\t\t<\/div>\n\t\t\t\t\t<\/div>\n\t\t\t\t<\/div>\n\t\t<div class=\"elementor-element elementor-element-f5e9d0b e-flex e-con-boxed e-con e-parent\" data-id=\"f5e9d0b\" data-element_type=\"container\" data-settings=\"{&quot;background_background&quot;:&quot;classic&quot;}\">\n\t\t\t\t\t<div class=\"e-con-inner\">\n\t\t<div class=\"elementor-element elementor-element-ca9d661 e-con-full e-flex e-con e-child\" data-id=\"ca9d661\" data-element_type=\"container\">\n\t\t\t\t<div class=\"elementor-element elementor-element-6a3fc0a elementor-widget__width-initial elementor-widget-mobile__width-inherit elementor-widget elementor-widget-elementskit-image-box\" data-id=\"6a3fc0a\" data-element_type=\"widget\" data-widget_type=\"elementskit-image-box.default\">\n\t\t\t\t\t<div class=\"ekit-wid-con\" >\n            <div class=\"elementskit-info-image-box ekit-image-box text-center floating-style\" >\n\n                \n                <div class=\"elementskit-box-header image-box-img-center\">\n\n                    <img fetchpriority=\"high\" decoding=\"async\" width=\"483\" height=\"460\" src=\"https:\/\/sites.vbdigital.com.br\/instituto\/wp-content\/uploads\/2025\/08\/2.jpg\" class=\"attachment-full size-full wp-image-486\" alt=\"\" srcset=\"https:\/\/sites.vbdigital.com.br\/instituto\/wp-content\/uploads\/2025\/08\/2.jpg 483w, https:\/\/sites.vbdigital.com.br\/instituto\/wp-content\/uploads\/2025\/08\/2-300x286.jpg 300w\" sizes=\"(max-width: 483px) 100vw, 483px\" \/>\n                <\/div>\n                \n                <div class=\"elementskit-box-body ekit-image-box-body\">\n                    <div class=\"elementskit-box-content ekit-image-box-body-inner\">\n                                                <h5 class=\"elementskit-info-box-title\">\n\n                        Consulta Inicial Espec\u00edfica\n                        \n                    <\/h5>\n                                                            <div class=\"elementskit-box-style-content\">\n                        Para a verifica\u00e7\u00e3o das causas das dores e disfun\u00e7\u00f5es do paciente, \u00e9 feita uma avalia\u00e7\u00e3o criteriosa do quadro e hist\u00f3rico utilizando diversos recursos de mensura\u00e7\u00e3o e avalia\u00e7\u00e3o cl\u00ednica.                    <\/div>\n                                    <\/div>\n\n                            <\/div>\n            <\/div>\n    <\/div>\t\t\t\t<\/div>\n\t\t\t\t<div class=\"elementor-element elementor-element-b6d6342 elementor-widget__width-initial elementor-widget-mobile__width-inherit elementor-widget elementor-widget-elementskit-image-box\" data-id=\"b6d6342\" data-element_type=\"widget\" data-widget_type=\"elementskit-image-box.default\">\n\t\t\t\t\t<div class=\"ekit-wid-con\" >\n            <div class=\"elementskit-info-image-box ekit-image-box text-center floating-style\" >\n\n                \n                <div class=\"elementskit-box-header image-box-img-center\">\n\n                    <img decoding=\"async\" width=\"483\" height=\"460\" src=\"https:\/\/sites.vbdigital.com.br\/instituto\/wp-content\/uploads\/2025\/08\/abordagem.jpg\" class=\"attachment-full size-full wp-image-489\" alt=\"\" srcset=\"https:\/\/sites.vbdigital.com.br\/instituto\/wp-content\/uploads\/2025\/08\/abordagem.jpg 483w, https:\/\/sites.vbdigital.com.br\/instituto\/wp-content\/uploads\/2025\/08\/abordagem-300x286.jpg 300w\" sizes=\"(max-width: 483px) 100vw, 483px\" \/>\n                <\/div>\n                \n                <div class=\"elementskit-box-body ekit-image-box-body\">\n                    <div class=\"elementskit-box-content ekit-image-box-body-inner\">\n                                                <h5 class=\"elementskit-info-box-title\">\n\n                        \n                            \n                        Abordagem de Tratamento Exclusiva\n                        \n                    <\/h5>\n                                                            <div class=\"elementskit-box-style-content\">\n                        S\u00e3o utilizados recursos avan\u00e7ados para analgesia e acelera\u00e7\u00e3o da recupera\u00e7\u00e3o, al\u00e9m de protocolos espec\u00edficos de exerc\u00edcios terap\u00eauticos, que auxiliam na diminui\u00e7\u00e3o da dor e recupera\u00e7\u00e3o funcional.                    <\/div>\n                                    <\/div>\n\n                            <\/div>\n            <\/div>\n    <\/div>\t\t\t\t<\/div>\n\t\t\t\t<div class=\"elementor-element elementor-element-bb3180c elementor-widget__width-initial elementor-widget-mobile__width-inherit elementor-widget elementor-widget-elementskit-image-box\" data-id=\"bb3180c\" data-element_type=\"widget\" data-widget_type=\"elementskit-image-box.default\">\n\t\t\t\t\t<div class=\"ekit-wid-con\" >\n            <div class=\"elementskit-info-image-box ekit-image-box text-center floating-style\" >\n\n                \n                <div class=\"elementskit-box-header image-box-img-center\">\n\n                    <img decoding=\"async\" width=\"483\" height=\"460\" src=\"https:\/\/sites.vbdigital.com.br\/instituto\/wp-content\/uploads\/2025\/08\/foto3.jpg\" class=\"attachment-full size-full wp-image-485\" alt=\"\" srcset=\"https:\/\/sites.vbdigital.com.br\/instituto\/wp-content\/uploads\/2025\/08\/foto3.jpg 483w, https:\/\/sites.vbdigital.com.br\/instituto\/wp-content\/uploads\/2025\/08\/foto3-300x286.jpg 300w\" sizes=\"(max-width: 483px) 100vw, 483px\" \/>\n                <\/div>\n                \n                <div class=\"elementskit-box-body ekit-image-box-body\">\n                    <div class=\"elementskit-box-content ekit-image-box-body-inner\">\n                                                <h5 class=\"elementskit-info-box-title\">\n\n                        \n                            \n                        Consultas M\u00e9dicas\n                        \n                    <\/h5>\n                                                            <div class=\"elementskit-box-style-content\">\n                        E avalia\u00e7\u00f5es cir\u00fargicas com especialista extremamente criterioro e experiente.                    <\/div>\n                                    <\/div>\n\n                            <\/div>\n            <\/div>\n    <\/div>\t\t\t\t<\/div>\n\t\t\t\t<\/div>\n\t\t\t\t\t<\/div>\n\t\t\t\t<\/div>\n\t\t\t\t<\/div>\n\t\t","protected":false},"excerpt":{"rendered":"<p>Servi\u00e7os COMO FUNCIONA NOSSO ATENDIMENTO Consulta Inicial Espec\u00edfica Para a verifica\u00e7\u00e3o das causas das dores e disfun\u00e7\u00f5es do paciente, \u00e9 feita uma avalia\u00e7\u00e3o criteriosa do quadro e hist\u00f3rico utilizando diversos recursos de mensura\u00e7\u00e3o e avalia\u00e7\u00e3o cl\u00ednica. Abordagem de Tratamento Exclusiva S\u00e3o utilizados recursos avan\u00e7ados para analgesia e acelera\u00e7\u00e3o da recupera\u00e7\u00e3o, al\u00e9m de protocolos espec\u00edficos de [&hellip;]<\/p>\n","protected":false},"author":1,"featured_media":0,"parent":0,"menu_order":0,"comment_status":"closed","ping_status":"closed","template":"","meta":{"footnotes":""},"class_list":["post-61","page","type-page","status-publish","hentry"],"_links":{"self":[{"href":"https:\/\/sites.vbdigital.com.br\/instituto\/wp-json\/wp\/v2\/pages\/61","targetHints":{"allow":["GET"]}}],"collection":[{"href":"https:\/\/sites.vbdigital.com.br\/instituto\/wp-json\/wp\/v2\/pages"}],"about":[{"href":"https:\/\/sites.vbdigital.com.br\/instituto\/wp-json\/wp\/v2\/types\/page"}],"author":[{"embeddable":true,"href":"https:\/\/sites.vbdigital.com.br\/instituto\/wp-json\/wp\/v2\/users\/1"}],"replies":[{"embeddable":true,"href":"https:\/\/sites.vbdigital.com.br\/instituto\/wp-json\/wp\/v2\/comments?post=61"}],"version-history":[{"count":58,"href":"https:\/\/sites.vbdigital.com.br\/instituto\/wp-json\/wp\/v2\/pages\/61\/revisions"}],"predecessor-version":[{"id":507,"href":"https:\/\/sites.vbdigital.com.br\/instituto\/wp-json\/wp\/v2\/pages\/61\/revisions\/507"}],"wp:attachment":[{"href":"https:\/\/sites.vbdigital.com.br\/instituto\/wp-json\/wp\/v2\/media?parent=61"}],"curies":[{"name":"wp","href":"https:\/\/api.w.org\/{rel}","templated":true}]}}