{"id":65,"date":"2025-07-16T22:59:04","date_gmt":"2025-07-16T22:59:04","guid":{"rendered":"https:\/\/sites.vbdigital.com.br\/instituto\/?page_id=65"},"modified":"2025-08-26T16:12:30","modified_gmt":"2025-08-26T16:12:30","slug":"time","status":"publish","type":"page","link":"https:\/\/sites.vbdigital.com.br\/instituto\/time\/","title":{"rendered":"Time"},"content":{"rendered":"\t\t<div data-elementor-type=\"wp-page\" data-elementor-id=\"65\" class=\"elementor elementor-65\" data-elementor-post-type=\"page\">\n\t\t\t\t<div class=\"elementor-element elementor-element-6f680dd6 e-con-full e-flex e-con e-parent\" data-id=\"6f680dd6\" data-element_type=\"container\" data-settings=\"{&quot;background_background&quot;:&quot;classic&quot;}\">\n\t\t<div class=\"elementor-element elementor-element-186d9ad2 e-flex e-con-boxed e-con e-child\" data-id=\"186d9ad2\" data-element_type=\"container\">\n\t\t\t\t\t<div class=\"e-con-inner\">\n\t\t\t\t<div class=\"elementor-element elementor-element-936bf56 elementor-widget-tablet__width-initial elementor-widget elementor-widget-heading\" data-id=\"936bf56\" data-element_type=\"widget\" data-widget_type=\"heading.default\">\n\t\t\t\t\t<h1 class=\"elementor-heading-title elementor-size-default\">Nosso Time<\/h1>\t\t\t\t<\/div>\n\t\t\t\t\t<\/div>\n\t\t\t\t<\/div>\n\t\t\t\t<\/div>\n\t\t<div class=\"elementor-element elementor-element-491d5487 e-flex e-con-boxed e-con e-parent\" data-id=\"491d5487\" data-element_type=\"container\" data-settings=\"{&quot;background_background&quot;:&quot;classic&quot;}\">\n\t\t\t\t\t<div class=\"e-con-inner\">\n\t\t<div class=\"elementor-element elementor-element-6e8a88a3 e-con-full e-flex e-con e-child\" data-id=\"6e8a88a3\" data-element_type=\"container\">\n\t\t<div class=\"elementor-element elementor-element-7df63971 e-con-full e-flex e-con e-child\" data-id=\"7df63971\" data-element_type=\"container\">\n\t\t<div class=\"elementor-element elementor-element-65a4f521 e-con-full e-flex e-con e-child\" data-id=\"65a4f521\" data-element_type=\"container\">\n\t\t\t\t<div class=\"elementor-element elementor-element-6d5983ed elementor-widget elementor-widget-heading\" data-id=\"6d5983ed\" data-element_type=\"widget\" data-widget_type=\"heading.default\">\n\t\t\t\t\t<h2 class=\"elementor-heading-title elementor-size-default\">CONHE\u00c7A NOSSOS ESPECIALISTAS<\/h2>\t\t\t\t<\/div>\n\t\t\t\t<\/div>\n\t\t<div class=\"elementor-element elementor-element-2db0ae2e e-con-full e-flex e-con e-child\" data-id=\"2db0ae2e\" data-element_type=\"container\">\n\t\t\t\t<\/div>\n\t\t\t\t<\/div>\n\t\t\t\t<\/div>\n\t\t<div class=\"elementor-element elementor-element-2cb455bf e-con-full e-flex e-con e-child\" data-id=\"2cb455bf\" data-element_type=\"container\">\n\t\t<div class=\"elementor-element elementor-element-16422c7c e-con-full animated-slow e-flex elementor-invisible e-con e-child\" data-id=\"16422c7c\" data-element_type=\"container\" data-settings=\"{&quot;animation&quot;:&quot;fadeInUp&quot;}\">\n\t\t<div class=\"elementor-element elementor-element-666a4c4d e-con-full e-flex e-con e-child\" data-id=\"666a4c4d\" data-element_type=\"container\">\n\t\t<div class=\"elementor-element elementor-element-2932e759 e-con-full e-flex e-con e-child\" data-id=\"2932e759\" data-element_type=\"container\">\n\t\t<div class=\"elementor-element elementor-element-5d442184 e-con-full e-flex e-con e-child\" data-id=\"5d442184\" data-element_type=\"container\" data-settings=\"{&quot;background_background&quot;:&quot;classic&quot;}\">\n\t\t\t\t<\/div>\n\t\t<div class=\"elementor-element elementor-element-3ff46f59 e-con-full e-flex e-con e-child\" data-id=\"3ff46f59\" data-element_type=\"container\" data-settings=\"{&quot;background_background&quot;:&quot;classic&quot;}\">\n\t\t\t\t<div class=\"elementor-element elementor-element-4fdcec8 elementor-widget elementor-widget-heading\" data-id=\"4fdcec8\" data-element_type=\"widget\" data-widget_type=\"heading.default\">\n\t\t\t\t\t<h2 class=\"elementor-heading-title elementor-size-default\">Dr. Bruno Prianti<\/h2>\t\t\t\t<\/div>\n\t\t\t\t<div class=\"elementor-element elementor-element-f869cdb elementor-widget elementor-widget-text-editor\" data-id=\"f869cdb\" data-element_type=\"widget\" data-widget_type=\"text-editor.default\">\n\t\t\t\t\t\t\t\t\t<p>\u2013 Fisioterapeuta (CREFITO 3\/160310-F), Mestre e Doutor em Engenharia Biom\u00e9dica pela Universidade do Vale do Para\u00edba<br \/>\u200b<br \/>\u2013 Diversas publica\u00e7\u00f5es cient\u00edficas nacionais e internacionais na \u00e1rea da reabilita\u00e7\u00e3o traumato ortop\u00e9dica<\/p><p>O Dr. Bruno Prianti \u00e9 Fisioterapeuta, professor universit\u00e1rio e sua grande especialidade \u00e9 tratar dores agudas e cr\u00f4nicas em coluna vertebral, assim como pacientes com escoliose.<\/p><p>J\u00e1 tratou centenas de pacientes ao longo de sua trajet\u00f3ria, possui tamb\u00e9m uma carreira universit\u00e1ria de sucesso, ministrando diversos cursos relacionados a dor pelo pa\u00eds.<\/p><p>Atua a 15 anos tratando h\u00e9rnias discais, estenose de canal, escoliose, pacientes com dores agudas e cr\u00f4nicas.<\/p><p>\u2013 Professor Universit\u00e1rio e coordenador de um dos grandes cursos de p\u00f3s gradua\u00e7\u00e3o do pa\u00eds na \u00e1rea da reabilita\u00e7\u00e3o ortop\u00e9dica e traumatol\u00f3gica.<br \/>\u200b<br \/>\u2013 Especializa\u00e7\u00e3o em Osteopatia cl\u00ednica e em Ergonomia e seguran\u00e7a do trabalho pela Universidade Camilo Castelo Branco<\/p>\t\t\t\t\t\t\t\t<\/div>\n\t\t\t\t<div class=\"elementor-element elementor-element-786be649 elementor-widget elementor-widget-elementskit-social-media\" data-id=\"786be649\" data-element_type=\"widget\" data-widget_type=\"elementskit-social-media.default\">\n\t\t\t\t<div class=\"elementor-widget-container\">\n\t\t\t\t\t<div class=\"ekit-wid-con\" >\t\t\t <ul class=\"ekit_social_media\">\n\t\t\t\t\t\t\t\t\t\t\t\t\t\t<li class=\"elementor-repeater-item-f24a2eb\">\n\t\t\t\t\t    <a\n\t\t\t\t\t\thref=\"https:\/\/www.instagram.com\/drbrunoprianti\/\" aria-label=\"Instagram\" class=\"1\" >\n\t\t\t\t\t\t\t\t\t\t\t\t\t\t\n\t\t\t\t\t\t\t<i aria-hidden=\"true\" class=\"icon icon-instagram-1\"><\/i>\t\t\t\t\t\t\t\t\t\n                                                                                                            <\/a>\n                    <\/li>\n                    \t\t\t\t\t\t\t<\/ul>\n\t\t<\/div>\t\t\t\t<\/div>\n\t\t\t\t<\/div>\n\t\t\t\t<\/div>\n\t\t\t\t<\/div>\n\t\t<div class=\"elementor-element elementor-element-507fdea6 e-con-full e-flex e-con e-child\" data-id=\"507fdea6\" data-element_type=\"container\">\n\t\t<div class=\"elementor-element elementor-element-11de9ed2 e-con-full e-flex e-con e-child\" data-id=\"11de9ed2\" data-element_type=\"container\" data-settings=\"{&quot;background_background&quot;:&quot;classic&quot;}\">\n\t\t\t\t<\/div>\n\t\t<div class=\"elementor-element elementor-element-706d57d3 e-con-full e-flex e-con e-child\" data-id=\"706d57d3\" data-element_type=\"container\" data-settings=\"{&quot;background_background&quot;:&quot;classic&quot;}\">\n\t\t\t\t<div class=\"elementor-element elementor-element-60396b6b elementor-widget elementor-widget-heading\" data-id=\"60396b6b\" data-element_type=\"widget\" data-widget_type=\"heading.default\">\n\t\t\t\t\t<h2 class=\"elementor-heading-title elementor-size-default\">Dr. Luiz Eduardo Ribeiro<\/h2>\t\t\t\t<\/div>\n\t\t\t\t<div class=\"elementor-element elementor-element-44395f2 elementor-widget elementor-widget-text-editor\" data-id=\"44395f2\" data-element_type=\"widget\" data-widget_type=\"text-editor.default\">\n\t\t\t\t\t\t\t\t\t<p>O Dr. Luiz Eduardo Ribeiro \u00e9 M\u00e9dico Ortopedista, Especializado em Coluna Vertebral com expertise em reabilita\u00e7\u00e3o musculoesquel\u00e9tica com foco em les\u00f5es discais e deformidades da coluna!<\/p><p>J\u00e1 tratou centenas de pacientes ao longo de sua carreira, tendo sua forma\u00e7\u00e3o realizada nos maiores centros ortop\u00e9dicos nacionais, tais como USP-SP e Santa Casa de Miseric\u00f3rdia de S\u00e3o Paulo.<\/p><p>Atua em S\u00e3o Jos\u00e9 dos Campos desde 2017, tendo atendido nas principais cl\u00ednicas e centros especializados da cidade.<\/p><p>Desde 2021 atua em sua cl\u00ednica pr\u00f3pria, aonde realiza trabalho voltado a melhora de qualidade de vida de seus pacientes atrav\u00e9s de tratamentos minimamente invas\u00edvos da coluna vertebral, tratando doen\u00e7as como h\u00e9rnia discais, estenose do canal lombar, escoliose, deformidades complexas da coluna vertebral e medicina da dor voltada para patologias musculo-esqueleticas.<\/p><p>Mesmo em sua rotina atribulada de m\u00e9dico, busca sempre estar com a sua esposa e filhos, pois acredita que na vida equil\u00edbrio \u00e9 fundamental para desempenhar as atividades em melhor performace.<\/p>\t\t\t\t\t\t\t\t<\/div>\n\t\t\t\t<div class=\"elementor-element elementor-element-23a4ade4 elementor-widget elementor-widget-elementskit-social-media\" data-id=\"23a4ade4\" data-element_type=\"widget\" data-widget_type=\"elementskit-social-media.default\">\n\t\t\t\t<div class=\"elementor-widget-container\">\n\t\t\t\t\t<div class=\"ekit-wid-con\" >\t\t\t <ul class=\"ekit_social_media\">\n\t\t\t\t\t\t\t\t\t\t\t\t\t\t<li class=\"elementor-repeater-item-4f526ec\">\n\t\t\t\t\t    <a\n\t\t\t\t\t\thref=\"https:\/\/www.instagram.com\/drluizeduardoribeiro.coluna\/\" aria-label=\"Facebook\" class=\"1\" >\n\t\t\t\t\t\t\t\t\t\t\t\t\t\t\n\t\t\t\t\t\t\t<i aria-hidden=\"true\" class=\"icon icon-instagram-1\"><\/i>\t\t\t\t\t\t\t\t\t\n                                                                                                            <\/a>\n                    <\/li>\n                    \t\t\t\t\t\t\t<\/ul>\n\t\t<\/div>\t\t\t\t<\/div>\n\t\t\t\t<\/div>\n\t\t\t\t<\/div>\n\t\t\t\t<\/div>\n\t\t\t\t<\/div>\n\t\t\t\t<\/div>\n\t\t\t\t<\/div>\n\t\t\t\t\t<\/div>\n\t\t\t\t<\/div>\n\t\t\t\t<\/div>\n\t\t","protected":false},"excerpt":{"rendered":"<p>Nosso Time CONHE\u00c7A NOSSOS ESPECIALISTAS Dr. Bruno Prianti \u2013 Fisioterapeuta (CREFITO 3\/160310-F), Mestre e Doutor em Engenharia Biom\u00e9dica pela Universidade do Vale do Para\u00edba\u200b\u2013 Diversas publica\u00e7\u00f5es cient\u00edficas nacionais e internacionais na \u00e1rea da reabilita\u00e7\u00e3o traumato ortop\u00e9dica O Dr. Bruno Prianti \u00e9 Fisioterapeuta, professor universit\u00e1rio e sua grande especialidade \u00e9 tratar dores agudas e cr\u00f4nicas em [&hellip;]<\/p>\n","protected":false},"author":1,"featured_media":0,"parent":0,"menu_order":0,"comment_status":"closed","ping_status":"closed","template":"","meta":{"footnotes":""},"class_list":["post-65","page","type-page","status-publish","hentry"],"_links":{"self":[{"href":"https:\/\/sites.vbdigital.com.br\/instituto\/wp-json\/wp\/v2\/pages\/65","targetHints":{"allow":["GET"]}}],"collection":[{"href":"https:\/\/sites.vbdigital.com.br\/instituto\/wp-json\/wp\/v2\/pages"}],"about":[{"href":"https:\/\/sites.vbdigital.com.br\/instituto\/wp-json\/wp\/v2\/types\/page"}],"author":[{"embeddable":true,"href":"https:\/\/sites.vbdigital.com.br\/instituto\/wp-json\/wp\/v2\/users\/1"}],"replies":[{"embeddable":true,"href":"https:\/\/sites.vbdigital.com.br\/instituto\/wp-json\/wp\/v2\/comments?post=65"}],"version-history":[{"count":31,"href":"https:\/\/sites.vbdigital.com.br\/instituto\/wp-json\/wp\/v2\/pages\/65\/revisions"}],"predecessor-version":[{"id":459,"href":"https:\/\/sites.vbdigital.com.br\/instituto\/wp-json\/wp\/v2\/pages\/65\/revisions\/459"}],"wp:attachment":[{"href":"https:\/\/sites.vbdigital.com.br\/instituto\/wp-json\/wp\/v2\/media?parent=65"}],"curies":[{"name":"wp","href":"https:\/\/api.w.org\/{rel}","templated":true}]}}